{"id":172,"date":"2024-12-19T22:28:42","date_gmt":"2024-12-19T22:28:42","guid":{"rendered":"https:\/\/radio.esperanzamexico.com\/?page_id=172"},"modified":"2024-12-19T22:51:07","modified_gmt":"2024-12-19T22:51:07","slug":"terminos-y-condiciones","status":"publish","type":"page","link":"https:\/\/radio.esperanzamexico.com\/index.php\/terminos-y-condiciones\/","title":{"rendered":"T\u00e9rminos y Condiciones"},"content":{"rendered":"\t\t<div data-elementor-type=\"wp-page\" data-elementor-id=\"172\" class=\"elementor elementor-172\" data-elementor-post-type=\"page\">\n\t\t\t\t<div class=\"elementor-element elementor-element-0841ad2 e-flex e-con-boxed e-con e-parent\" data-id=\"0841ad2\" data-element_type=\"container\">\n\t\t\t\t\t<div class=\"e-con-inner\">\n\t\t<div class=\"elementor-element elementor-element-ac61a12 e-con-full e-flex e-con e-child\" data-id=\"ac61a12\" data-element_type=\"container\">\n\t\t<div class=\"elementor-element elementor-element-794325d e-con-full e-flex e-con e-child\" data-id=\"794325d\" data-element_type=\"container\" data-settings=\"{&quot;background_background&quot;:&quot;classic&quot;}\">\n\t\t<div class=\"elementor-element elementor-element-3b82206 e-con-full e-flex e-con e-child\" data-id=\"3b82206\" data-element_type=\"container\">\n\t\t\t\t<div class=\"elementor-element elementor-element-b8e3ab3 elementor-widget elementor-widget-heading\" data-id=\"b8e3ab3\" data-element_type=\"widget\" data-widget_type=\"heading.default\">\n\t\t\t\t<div class=\"elementor-widget-container\">\n\t\t\t\t\t<span class=\"elementor-heading-title elementor-size-default\">#EsperanzaM\u00e9xicoRadio<\/span>\t\t\t\t<\/div>\n\t\t\t\t<\/div>\n\t\t\t\t<div class=\"elementor-element elementor-element-423003b elementor-widget elementor-widget-heading\" data-id=\"423003b\" data-element_type=\"widget\" data-widget_type=\"heading.default\">\n\t\t\t\t<div class=\"elementor-widget-container\">\n\t\t\t\t\t<h1 class=\"elementor-heading-title elementor-size-default\">T\u00e9rminos y Condiciones<\/h1>\t\t\t\t<\/div>\n\t\t\t\t<\/div>\n\t\t\t\t<div class=\"elementor-element elementor-element-25defbdc elementor-widget elementor-widget-text-editor\" data-id=\"25defbdc\" data-element_type=\"widget\" data-widget_type=\"text-editor.default\">\n\t\t\t\t<div class=\"elementor-widget-container\">\n\t\t\t\t\t\t\t\t\t\n<p><strong>1. Introducci\u00f3n<\/strong>\u00a0Bienvenido a Radio Esperanza. Al acceder y utilizar nuestro sitio web (<a>https:\/\/radio.esperanzamexico.com\/<\/a>) y nuestros servicios, usted acepta estar sujeto a los siguientes T\u00e9rminos y Condiciones. Por favor, lea este documento detenidamente.<\/p>\n\n<p><strong>2. Uso del Sitio Web<\/strong><\/p>\n\n<ul class=\"wp-block-list\">\n<li>Usted se compromete a utilizar este sitio web de manera legal y \u00e9tica.<\/li>\n\n<li>Est\u00e1 prohibido el uso del sitio para actividades fraudulentas, difusi\u00f3n de contenido inapropiado o cualquier acci\u00f3n que pueda da\u00f1ar la integridad de Radio Esperanza.<\/li>\n<\/ul>\n\n<p><strong>3. Contenido<\/strong><\/p>\n\n<ul class=\"wp-block-list\">\n<li>Todo el contenido proporcionado en el sitio web, incluidos textos, im\u00e1genes, audio y videos, est\u00e1 protegido por derechos de autor y no puede ser utilizado sin autorizaci\u00f3n previa.<\/li>\n\n<li>Radio Esperanza no se hace responsable de la exactitud o veracidad de la informaci\u00f3n proporcionada por terceros.<\/li>\n<\/ul>\n\n<p><strong>4. Enlaces a Terceros<\/strong>\u00a0Nuestro sitio puede contener enlaces a sitios web de terceros. No somos responsables del contenido, pol\u00edticas o pr\u00e1cticas de dichos sitios.<\/p>\n\n<p><strong>5. Modificaciones al Servicio<\/strong>\u00a0Radio Esperanza se reserva el derecho de modificar o interrumpir los servicios ofrecidos en el sitio web sin previo aviso.<\/p>\n\n<p><strong>6. Limitaci\u00f3n de Responsabilidad<\/strong>\u00a0Radio Esperanza no se responsabiliza por da\u00f1os directos, indirectos, incidentales o consecuentes derivados del uso de nuestro sitio web o servicios.<\/p>\n\n<p><strong>7. Cambios en los T\u00e9rminos y Condiciones<\/strong>\u00a0Podemos actualizar estos T\u00e9rminos y Condiciones en cualquier momento. Le recomendamos revisarlos peri\u00f3dicamente.<\/p>\n\n<p><strong>8. Contacto<\/strong>\u00a0Para cualquier consulta, puede contactarnos a trav\u00e9s de radio@adventistasumn.org o +52 826 161 2213.<\/p>\n\t\t\t\t\t\t\t\t<\/div>\n\t\t\t\t<\/div>\n\t\t\t\t<\/div>\n\t\t\t\t<\/div>\n\t\t<div class=\"elementor-element elementor-element-9f372e2 e-con-full e-flex e-con e-child\" data-id=\"9f372e2\" data-element_type=\"container\" data-settings=\"{&quot;background_background&quot;:&quot;classic&quot;}\">\n\t\t<div class=\"elementor-element elementor-element-0b01c25 e-con-full e-flex e-con e-child\" data-id=\"0b01c25\" data-element_type=\"container\">\n\t\t\t\t<div class=\"elementor-element elementor-element-3d684fd elementor-widget elementor-widget-heading\" data-id=\"3d684fd\" data-element_type=\"widget\" data-widget_type=\"heading.default\">\n\t\t\t\t<div class=\"elementor-widget-container\">\n\t\t\t\t\t<h1 class=\"elementor-heading-title elementor-size-default\">Escucha ahora, \ntransforma tu vida<\/h1>\t\t\t\t<\/div>\n\t\t\t\t<\/div>\n\t\t\t\t<div class=\"elementor-element elementor-element-7e92002 elementor-widget elementor-widget-text-editor\" data-id=\"7e92002\" data-element_type=\"widget\" data-widget_type=\"text-editor.default\">\n\t\t\t\t<div class=\"elementor-widget-container\">\n\t\t\t\t\t\t\t\t\t<p>Tranquilidad y ayuda en tu d\u00eda a d\u00eda, descarga nuestra app.<\/p>\t\t\t\t\t\t\t\t<\/div>\n\t\t\t\t<\/div>\n\t\t<div class=\"elementor-element elementor-element-2694a6f e-grid e-con-full e-con e-child\" data-id=\"2694a6f\" data-element_type=\"container\">\n\t\t\t\t<div class=\"elementor-element elementor-element-5d3490e elementor-widget elementor-widget-image\" data-id=\"5d3490e\" data-element_type=\"widget\" data-widget_type=\"image.default\">\n\t\t\t\t<div class=\"elementor-widget-container\">\n\t\t\t\t\t\t\t\t\t\t\t\t\t\t\t\t<a href=\"https:\/\/apps.apple.com\/mx\/app\/esperanza-m\u00e9xico-radio\/id6472077444\">\n\t\t\t\t\t\t\t<img decoding=\"async\" width=\"217\" height=\"73\" src=\"https:\/\/radio.esperanzamexico.com\/wp-content\/uploads\/2024\/12\/appstore.svg\" class=\"attachment-full size-full wp-image-85\" alt=\"\" \/>\t\t\t\t\t\t\t\t<\/a>\n\t\t\t\t\t\t\t\t\t\t\t\t\t\t\t<\/div>\n\t\t\t\t<\/div>\n\t\t\t\t<div class=\"elementor-element elementor-element-227a6cb elementor-widget elementor-widget-image\" data-id=\"227a6cb\" data-element_type=\"widget\" data-widget_type=\"image.default\">\n\t\t\t\t<div class=\"elementor-widget-container\">\n\t\t\t\t\t\t\t\t\t\t\t\t\t\t\t\t<a href=\"https:\/\/play.google.com\/store\/search?q=esperanza%20mexico&#038;c=apps&#038;hl=es_MX\">\n\t\t\t\t\t\t\t<img decoding=\"async\" width=\"217\" height=\"73\" src=\"https:\/\/radio.esperanzamexico.com\/wp-content\/uploads\/2024\/12\/playstore.svg\" class=\"attachment-full size-full wp-image-86\" alt=\"\" \/>\t\t\t\t\t\t\t\t<\/a>\n\t\t\t\t\t\t\t\t\t\t\t\t\t\t\t<\/div>\n\t\t\t\t<\/div>\n\t\t\t\t<\/div>\n\t\t\t\t<\/div>\n\t\t\t\t<div class=\"elementor-element elementor-element-15520c9 elementor-widget__width-initial elementor-absolute elementor-hidden-mobile elementor-widget elementor-widget-image\" data-id=\"15520c9\" data-element_type=\"widget\" data-settings=\"{&quot;_position&quot;:&quot;absolute&quot;}\" data-widget_type=\"image.default\">\n\t\t\t\t<div class=\"elementor-widget-container\">\n\t\t\t\t\t\t\t\t\t\t\t\t\t\t\t<img fetchpriority=\"high\" decoding=\"async\" width=\"1319\" height=\"2023\" src=\"https:\/\/radio.esperanzamexico.com\/wp-content\/uploads\/2024\/12\/10@0.25xshadow-1.png\" class=\"attachment-full size-full wp-image-107\" alt=\"\" srcset=\"https:\/\/radio.esperanzamexico.com\/wp-content\/uploads\/2024\/12\/10@0.25xshadow-1.png 1319w, https:\/\/radio.esperanzamexico.com\/wp-content\/uploads\/2024\/12\/10@0.25xshadow-1-196x300.png 196w, https:\/\/radio.esperanzamexico.com\/wp-content\/uploads\/2024\/12\/10@0.25xshadow-1-668x1024.png 668w, https:\/\/radio.esperanzamexico.com\/wp-content\/uploads\/2024\/12\/10@0.25xshadow-1-768x1178.png 768w, https:\/\/radio.esperanzamexico.com\/wp-content\/uploads\/2024\/12\/10@0.25xshadow-1-1001x1536.png 1001w\" sizes=\"(max-width: 1319px) 100vw, 1319px\" \/>\t\t\t\t\t\t\t\t\t\t\t\t\t\t\t<\/div>\n\t\t\t\t<\/div>\n\t\t\t\t<\/div>\n\t\t\t\t<\/div>\n\t\t\t\t\t<\/div>\n\t\t\t\t<\/div>\n\t\t\t\t<\/div>\n\t\t","protected":false},"excerpt":{"rendered":"<p>#EsperanzaM\u00e9xicoRadio 1. Introducci\u00f3n\u00a0Bienvenido a Radio Esperanza. Al acceder y utilizar nuestro sitio web (https:\/\/radio.esperanzamexico.com\/) y nuestros servicios, usted acepta estar sujeto a los siguientes T\u00e9rminos y Condiciones. Por favor, lea este documento detenidamente. 2. Uso del Sitio Web 3. Contenido 4. Enlaces a Terceros\u00a0Nuestro sitio puede contener enlaces a sitios web de terceros. No somos [&hellip;]<\/p>\n","protected":false},"author":1,"featured_media":0,"parent":0,"menu_order":0,"comment_status":"closed","ping_status":"closed","template":"","meta":{"_acf_changed":false,"footnotes":""},"class_list":["post-172","page","type-page","status-publish","hentry"],"acf":[],"aioseo_notices":[],"_links":{"self":[{"href":"https:\/\/radio.esperanzamexico.com\/index.php\/wp-json\/wp\/v2\/pages\/172","targetHints":{"allow":["GET"]}}],"collection":[{"href":"https:\/\/radio.esperanzamexico.com\/index.php\/wp-json\/wp\/v2\/pages"}],"about":[{"href":"https:\/\/radio.esperanzamexico.com\/index.php\/wp-json\/wp\/v2\/types\/page"}],"author":[{"embeddable":true,"href":"https:\/\/radio.esperanzamexico.com\/index.php\/wp-json\/wp\/v2\/users\/1"}],"replies":[{"embeddable":true,"href":"https:\/\/radio.esperanzamexico.com\/index.php\/wp-json\/wp\/v2\/comments?post=172"}],"version-history":[{"count":4,"href":"https:\/\/radio.esperanzamexico.com\/index.php\/wp-json\/wp\/v2\/pages\/172\/revisions"}],"predecessor-version":[{"id":188,"href":"https:\/\/radio.esperanzamexico.com\/index.php\/wp-json\/wp\/v2\/pages\/172\/revisions\/188"}],"wp:attachment":[{"href":"https:\/\/radio.esperanzamexico.com\/index.php\/wp-json\/wp\/v2\/media?parent=172"}],"curies":[{"name":"wp","href":"https:\/\/api.w.org\/{rel}","templated":true}]}}