{"id":3,"date":"2024-12-03T15:20:38","date_gmt":"2024-12-03T15:20:38","guid":{"rendered":"https:\/\/radio.esperanzamexico.com\/?page_id=3"},"modified":"2024-12-19T22:49:52","modified_gmt":"2024-12-19T22:49:52","slug":"politica-privacidad","status":"publish","type":"page","link":"https:\/\/radio.esperanzamexico.com\/index.php\/politica-privacidad\/","title":{"rendered":"Pol\u00edticas de Privacidad"},"content":{"rendered":"\t\t<div data-elementor-type=\"wp-page\" data-elementor-id=\"3\" class=\"elementor elementor-3\" data-elementor-post-type=\"page\">\n\t\t\t\t<div class=\"elementor-element elementor-element-262d000 e-flex e-con-boxed e-con e-parent\" data-id=\"262d000\" data-element_type=\"container\">\n\t\t\t\t\t<div class=\"e-con-inner\">\n\t\t<div class=\"elementor-element elementor-element-14d9021 e-con-full e-flex e-con e-child\" data-id=\"14d9021\" data-element_type=\"container\">\n\t\t<div class=\"elementor-element elementor-element-f1295c3 e-con-full e-flex e-con e-child\" data-id=\"f1295c3\" data-element_type=\"container\" data-settings=\"{&quot;background_background&quot;:&quot;classic&quot;}\">\n\t\t<div class=\"elementor-element elementor-element-d454cf9 e-con-full e-flex e-con e-child\" data-id=\"d454cf9\" data-element_type=\"container\">\n\t\t\t\t<div class=\"elementor-element elementor-element-45f760f elementor-widget elementor-widget-heading\" data-id=\"45f760f\" data-element_type=\"widget\" data-widget_type=\"heading.default\">\n\t\t\t\t<div class=\"elementor-widget-container\">\n\t\t\t\t\t<span class=\"elementor-heading-title elementor-size-default\">#EsperanzaM\u00e9xicoRadio<\/span>\t\t\t\t<\/div>\n\t\t\t\t<\/div>\n\t\t\t\t<div class=\"elementor-element elementor-element-b0d54e8 elementor-widget elementor-widget-heading\" data-id=\"b0d54e8\" data-element_type=\"widget\" data-widget_type=\"heading.default\">\n\t\t\t\t<div class=\"elementor-widget-container\">\n\t\t\t\t\t<h1 class=\"elementor-heading-title elementor-size-default\">Pol\u00edticas de Privacidad<\/h1>\t\t\t\t<\/div>\n\t\t\t\t<\/div>\n\t\t\t\t<div class=\"elementor-element elementor-element-539eb0ab elementor-widget elementor-widget-text-editor\" data-id=\"539eb0ab\" data-element_type=\"widget\" data-widget_type=\"text-editor.default\">\n\t\t\t\t<div class=\"elementor-widget-container\">\n\t\t\t\t\t\t\t\t\t\n<p><strong>1. Introducci\u00f3n<\/strong>\u00a0En Radio Esperanza, valoramos su privacidad y estamos comprometidos a proteger su informaci\u00f3n personal. Esta pol\u00edtica describe c\u00f3mo recopilamos, usamos y protegemos sus datos.<\/p>\n\n<p><strong>2. Informaci\u00f3n que Recopilamos<\/strong><\/p>\n\n<ul class=\"wp-block-list\">\n<li>Datos personales que usted proporciona al registrarse o interactuar con nuestros servicios, como nombre, correo electr\u00f3nico y tel\u00e9fono.<\/li>\n\n<li>Informaci\u00f3n t\u00e9cnica, como direcci\u00f3n IP, tipo de navegador y sistema operativo, recopilada de manera autom\u00e1tica.<\/li>\n\n<li>Datos recopilados mediante Google Analytics, como comportamiento en el sitio, p\u00e1ginas visitadas, tiempo de permanencia y datos demogr\u00e1ficos an\u00f3nimos.<\/li>\n<\/ul>\n\n<p><strong>3. Uso de la Informaci\u00f3n<\/strong>\u00a0Utilizamos sus datos para:<\/p>\n\n<ul class=\"wp-block-list\">\n<li>Mejorar nuestros servicios y personalizar su experiencia.<\/li>\n\n<li>Analizar el comportamiento de los usuarios en el sitio web mediante Google Analytics para optimizar nuestro contenido y servicios.<\/li>\n\n<li>Enviar informaci\u00f3n relevante sobre nuestros programas y actualizaciones.<\/li>\n\n<li>Cumplir con obligaciones legales y de seguridad.<\/li>\n<\/ul>\n\n<p><strong>4. Compartir Informaci\u00f3n con Terceros<\/strong>\u00a0No compartimos su informaci\u00f3n personal con terceros, salvo que sea necesario para:<\/p>\n\n<ul class=\"wp-block-list\">\n<li>Proveer los servicios solicitados.<\/li>\n\n<li>Cumplir con la ley o requerimientos legales.<\/li>\n\n<li>Utilizar herramientas de terceros como Google Analytics, que recopilan datos anonimizados para el an\u00e1lisis del sitio web.<\/li>\n<\/ul>\n\n<p><strong>5. Seguridad de los Datos<\/strong>\u00a0Implementamos medidas t\u00e9cnicas y organizativas para proteger su informaci\u00f3n contra accesos no autorizados, p\u00e9rdidas o alteraciones.<\/p>\n\n<p><strong>6. Uso de Cookies<\/strong>\u00a0Utilizamos cookies para mejorar la funcionalidad del sitio y personalizar su experiencia. Esto incluye cookies de Google Analytics para recopilar datos anonimizados sobre el uso del sitio. Puede desactivar las cookies desde la configuraci\u00f3n de su navegador.<\/p>\n\n<p><strong>7. Derechos del Usuario<\/strong>\u00a0Usted tiene derecho a:<\/p>\n\n<ul class=\"wp-block-list\">\n<li>Acceder, rectificar o eliminar sus datos personales.<\/li>\n\n<li>Retirar su consentimiento para el uso de sus datos.<\/li>\n\n<li>Presentar una queja ante las autoridades competentes si considera que sus derechos han sido vulnerados.<\/li>\n<\/ul>\n\n<p><strong>8. Cambios en la Pol\u00edtica de Privacidad<\/strong>\u00a0Podemos actualizar esta pol\u00edtica en cualquier momento. Notificaremos cualquier cambio significativo a trav\u00e9s de nuestro sitio web.<\/p>\n\n<p><strong>9. Contacto<\/strong>\u00a0Si tiene preguntas o inquietudes sobre nuestra Pol\u00edtica de Privacidad, cont\u00e1ctenos a trav\u00e9s de radio@adventistasumn.org o +52 826 161 2213.<\/p>\n\n<p>\u00a0<\/p>\n\t\t\t\t\t\t\t\t<\/div>\n\t\t\t\t<\/div>\n\t\t\t\t<\/div>\n\t\t\t\t<\/div>\n\t\t<div class=\"elementor-element elementor-element-978e262 e-con-full e-flex e-con e-child\" data-id=\"978e262\" data-element_type=\"container\" data-settings=\"{&quot;background_background&quot;:&quot;classic&quot;}\">\n\t\t<div class=\"elementor-element elementor-element-ab41d92 e-con-full e-flex e-con e-child\" data-id=\"ab41d92\" data-element_type=\"container\">\n\t\t\t\t<div class=\"elementor-element elementor-element-4954337 elementor-widget elementor-widget-heading\" data-id=\"4954337\" data-element_type=\"widget\" data-widget_type=\"heading.default\">\n\t\t\t\t<div class=\"elementor-widget-container\">\n\t\t\t\t\t<h1 class=\"elementor-heading-title elementor-size-default\">Escucha ahora, \ntransforma tu vida<\/h1>\t\t\t\t<\/div>\n\t\t\t\t<\/div>\n\t\t\t\t<div class=\"elementor-element elementor-element-4685d79 elementor-widget elementor-widget-text-editor\" data-id=\"4685d79\" data-element_type=\"widget\" data-widget_type=\"text-editor.default\">\n\t\t\t\t<div class=\"elementor-widget-container\">\n\t\t\t\t\t\t\t\t\t<p>Tranquilidad y ayuda en tu d\u00eda a d\u00eda, descarga nuestra app.<\/p>\t\t\t\t\t\t\t\t<\/div>\n\t\t\t\t<\/div>\n\t\t<div class=\"elementor-element elementor-element-834d452 e-grid e-con-full e-con e-child\" data-id=\"834d452\" data-element_type=\"container\">\n\t\t\t\t<div class=\"elementor-element elementor-element-f13fc5c elementor-widget elementor-widget-image\" data-id=\"f13fc5c\" data-element_type=\"widget\" data-widget_type=\"image.default\">\n\t\t\t\t<div class=\"elementor-widget-container\">\n\t\t\t\t\t\t\t\t\t\t\t\t\t\t\t\t<a href=\"https:\/\/apps.apple.com\/mx\/app\/esperanza-m\u00e9xico-radio\/id6472077444\">\n\t\t\t\t\t\t\t<img decoding=\"async\" width=\"217\" height=\"73\" src=\"https:\/\/radio.esperanzamexico.com\/wp-content\/uploads\/2024\/12\/appstore.svg\" class=\"attachment-full size-full wp-image-85\" alt=\"\" \/>\t\t\t\t\t\t\t\t<\/a>\n\t\t\t\t\t\t\t\t\t\t\t\t\t\t\t<\/div>\n\t\t\t\t<\/div>\n\t\t\t\t<div class=\"elementor-element elementor-element-415a764 elementor-widget elementor-widget-image\" data-id=\"415a764\" data-element_type=\"widget\" data-widget_type=\"image.default\">\n\t\t\t\t<div class=\"elementor-widget-container\">\n\t\t\t\t\t\t\t\t\t\t\t\t\t\t\t\t<a href=\"https:\/\/play.google.com\/store\/search?q=esperanza%20mexico&#038;c=apps&#038;hl=es_MX\">\n\t\t\t\t\t\t\t<img decoding=\"async\" width=\"217\" height=\"73\" src=\"https:\/\/radio.esperanzamexico.com\/wp-content\/uploads\/2024\/12\/playstore.svg\" class=\"attachment-full size-full wp-image-86\" alt=\"\" \/>\t\t\t\t\t\t\t\t<\/a>\n\t\t\t\t\t\t\t\t\t\t\t\t\t\t\t<\/div>\n\t\t\t\t<\/div>\n\t\t\t\t<\/div>\n\t\t\t\t<\/div>\n\t\t\t\t<div class=\"elementor-element elementor-element-3951d7a elementor-widget__width-initial elementor-absolute elementor-hidden-mobile elementor-widget elementor-widget-image\" data-id=\"3951d7a\" data-element_type=\"widget\" data-settings=\"{&quot;_position&quot;:&quot;absolute&quot;}\" data-widget_type=\"image.default\">\n\t\t\t\t<div class=\"elementor-widget-container\">\n\t\t\t\t\t\t\t\t\t\t\t\t\t\t\t<img fetchpriority=\"high\" decoding=\"async\" width=\"1319\" height=\"2023\" src=\"https:\/\/radio.esperanzamexico.com\/wp-content\/uploads\/2024\/12\/10@0.25xshadow-1.png\" class=\"attachment-full size-full wp-image-107\" alt=\"\" srcset=\"https:\/\/radio.esperanzamexico.com\/wp-content\/uploads\/2024\/12\/10@0.25xshadow-1.png 1319w, https:\/\/radio.esperanzamexico.com\/wp-content\/uploads\/2024\/12\/10@0.25xshadow-1-196x300.png 196w, https:\/\/radio.esperanzamexico.com\/wp-content\/uploads\/2024\/12\/10@0.25xshadow-1-668x1024.png 668w, https:\/\/radio.esperanzamexico.com\/wp-content\/uploads\/2024\/12\/10@0.25xshadow-1-768x1178.png 768w, https:\/\/radio.esperanzamexico.com\/wp-content\/uploads\/2024\/12\/10@0.25xshadow-1-1001x1536.png 1001w\" sizes=\"(max-width: 1319px) 100vw, 1319px\" \/>\t\t\t\t\t\t\t\t\t\t\t\t\t\t\t<\/div>\n\t\t\t\t<\/div>\n\t\t\t\t<\/div>\n\t\t\t\t<\/div>\n\t\t\t\t\t<\/div>\n\t\t\t\t<\/div>\n\t\t\t\t<\/div>\n\t\t","protected":false},"excerpt":{"rendered":"<p>#EsperanzaM\u00e9xicoRadio 1. Introducci\u00f3n\u00a0En Radio Esperanza, valoramos su privacidad y estamos comprometidos a proteger su informaci\u00f3n personal. Esta pol\u00edtica describe c\u00f3mo recopilamos, usamos y protegemos sus datos. 2. Informaci\u00f3n que Recopilamos 3. Uso de la Informaci\u00f3n\u00a0Utilizamos sus datos para: 4. Compartir Informaci\u00f3n con Terceros\u00a0No compartimos su informaci\u00f3n personal con terceros, salvo que sea necesario para: 5. [&hellip;]<\/p>\n","protected":false},"author":1,"featured_media":0,"parent":0,"menu_order":0,"comment_status":"closed","ping_status":"open","template":"","meta":{"_acf_changed":false,"footnotes":""},"class_list":["post-3","page","type-page","status-publish","hentry"],"acf":[],"aioseo_notices":[],"_links":{"self":[{"href":"https:\/\/radio.esperanzamexico.com\/index.php\/wp-json\/wp\/v2\/pages\/3","targetHints":{"allow":["GET"]}}],"collection":[{"href":"https:\/\/radio.esperanzamexico.com\/index.php\/wp-json\/wp\/v2\/pages"}],"about":[{"href":"https:\/\/radio.esperanzamexico.com\/index.php\/wp-json\/wp\/v2\/types\/page"}],"author":[{"embeddable":true,"href":"https:\/\/radio.esperanzamexico.com\/index.php\/wp-json\/wp\/v2\/users\/1"}],"replies":[{"embeddable":true,"href":"https:\/\/radio.esperanzamexico.com\/index.php\/wp-json\/wp\/v2\/comments?post=3"}],"version-history":[{"count":5,"href":"https:\/\/radio.esperanzamexico.com\/index.php\/wp-json\/wp\/v2\/pages\/3\/revisions"}],"predecessor-version":[{"id":184,"href":"https:\/\/radio.esperanzamexico.com\/index.php\/wp-json\/wp\/v2\/pages\/3\/revisions\/184"}],"wp:attachment":[{"href":"https:\/\/radio.esperanzamexico.com\/index.php\/wp-json\/wp\/v2\/media?parent=3"}],"curies":[{"name":"wp","href":"https:\/\/api.w.org\/{rel}","templated":true}]}}