{"id":482,"date":"2025-07-09T01:32:40","date_gmt":"2025-07-09T01:32:40","guid":{"rendered":"https:\/\/radio.esperanzamexico.com\/?page_id=482"},"modified":"2025-07-09T19:31:18","modified_gmt":"2025-07-09T19:31:18","slug":"conexion-educativa","status":"publish","type":"page","link":"https:\/\/radio.esperanzamexico.com\/index.php\/conexion-educativa\/","title":{"rendered":"Conexi\u00f3n Educativa"},"content":{"rendered":"\t\t<div data-elementor-type=\"wp-page\" data-elementor-id=\"482\" class=\"elementor elementor-482\" data-elementor-post-type=\"page\">\n\t\t\t\t<div class=\"elementor-element elementor-element-69fc44d e-flex e-con-boxed e-con e-parent\" data-id=\"69fc44d\" data-element_type=\"container\">\n\t\t\t\t\t<div class=\"e-con-inner\">\n\t\t<div class=\"elementor-element elementor-element-2ef6276 e-con-full e-flex e-con e-child\" data-id=\"2ef6276\" data-element_type=\"container\">\n\t\t<div class=\"elementor-element elementor-element-53904f3 e-con-full e-flex e-con e-child\" data-id=\"53904f3\" data-element_type=\"container\" data-settings=\"{&quot;background_background&quot;:&quot;classic&quot;}\">\n\t\t<div class=\"elementor-element elementor-element-7cbdbb9 e-con-full e-grid e-con e-child\" data-id=\"7cbdbb9\" data-element_type=\"container\">\n\t\t<div class=\"elementor-element elementor-element-66932bc e-con-full e-flex e-con e-child\" data-id=\"66932bc\" data-element_type=\"container\">\n\t\t\t\t<div class=\"elementor-element elementor-element-1c2e42e elementor-widget__width-initial elementor-widget elementor-widget-image\" data-id=\"1c2e42e\" data-element_type=\"widget\" data-widget_type=\"image.default\">\n\t\t\t\t<div class=\"elementor-widget-container\">\n\t\t\t\t\t\t\t\t\t\t\t\t\t\t\t<img fetchpriority=\"high\" decoding=\"async\" width=\"800\" height=\"800\" src=\"https:\/\/radio.esperanzamexico.com\/wp-content\/uploads\/2025\/07\/CONEXION-EDUCATIVA-2-1024x1024.png\" class=\"attachment-large size-large wp-image-501\" alt=\"\" srcset=\"https:\/\/radio.esperanzamexico.com\/wp-content\/uploads\/2025\/07\/CONEXION-EDUCATIVA-2-1024x1024.png 1024w, https:\/\/radio.esperanzamexico.com\/wp-content\/uploads\/2025\/07\/CONEXION-EDUCATIVA-2-300x300.png 300w, https:\/\/radio.esperanzamexico.com\/wp-content\/uploads\/2025\/07\/CONEXION-EDUCATIVA-2-150x150.png 150w, https:\/\/radio.esperanzamexico.com\/wp-content\/uploads\/2025\/07\/CONEXION-EDUCATIVA-2-768x768.png 768w, https:\/\/radio.esperanzamexico.com\/wp-content\/uploads\/2025\/07\/CONEXION-EDUCATIVA-2.png 1400w\" sizes=\"(max-width: 800px) 100vw, 800px\" \/>\t\t\t\t\t\t\t\t\t\t\t\t\t\t\t<\/div>\n\t\t\t\t<\/div>\n\t\t\t\t<div class=\"elementor-element elementor-element-e53b851 elementor-widget elementor-widget-heading\" data-id=\"e53b851\" data-element_type=\"widget\" data-widget_type=\"heading.default\">\n\t\t\t\t<div class=\"elementor-widget-container\">\n\t\t\t\t\t<h1 class=\"elementor-heading-title elementor-size-default\">Conexi\u00f3n Educativa<\/h1>\t\t\t\t<\/div>\n\t\t\t\t<\/div>\n\t\t\t\t<div class=\"elementor-element elementor-element-6786946 elementor-widget-widescreen__width-initial elementor-widget elementor-widget-text-editor\" data-id=\"6786946\" data-element_type=\"widget\" data-widget_type=\"text-editor.default\">\n\t\t\t\t<div class=\"elementor-widget-container\">\n\t\t\t\t\t\t\t\t\t<p><i><span style=\"font-weight: 400;\">Conexi\u00f3n Educativa<\/span><\/i><span style=\"font-weight: 400;\"> es un espacio donde la ense\u00f1anza cobra vida a trav\u00e9s de los consejos de un maestro apasionado por la educaci\u00f3n. En cada episodio, exploramos estrategias, reflexiones y herramientas para mejorar el aprendizaje. Este programa busca inspirar a estudiantes, padres y docentes a construir un futuro mejor a trav\u00e9s del conocimiento.<\/span><\/p>\t\t\t\t\t\t\t\t<\/div>\n\t\t\t\t<\/div>\n\t\t\t\t<\/div>\n\t\t\t\t<div class=\"elementor-element elementor-element-ddebec3 elementor-widget__width-initial elementor-widget elementor-widget-image\" data-id=\"ddebec3\" data-element_type=\"widget\" data-widget_type=\"image.default\">\n\t\t\t\t<div class=\"elementor-widget-container\">\n\t\t\t\t\t\t\t\t\t\t\t\t\t\t\t<img decoding=\"async\" width=\"800\" height=\"800\" src=\"https:\/\/radio.esperanzamexico.com\/wp-content\/uploads\/2025\/07\/CONEXION-EDUCATIVA-1-1-1024x1024.png\" class=\"attachment-large size-large wp-image-500\" alt=\"\" srcset=\"https:\/\/radio.esperanzamexico.com\/wp-content\/uploads\/2025\/07\/CONEXION-EDUCATIVA-1-1-1024x1024.png 1024w, https:\/\/radio.esperanzamexico.com\/wp-content\/uploads\/2025\/07\/CONEXION-EDUCATIVA-1-1-300x300.png 300w, https:\/\/radio.esperanzamexico.com\/wp-content\/uploads\/2025\/07\/CONEXION-EDUCATIVA-1-1-150x150.png 150w, https:\/\/radio.esperanzamexico.com\/wp-content\/uploads\/2025\/07\/CONEXION-EDUCATIVA-1-1-768x768.png 768w, https:\/\/radio.esperanzamexico.com\/wp-content\/uploads\/2025\/07\/CONEXION-EDUCATIVA-1-1.png 1400w\" sizes=\"(max-width: 800px) 100vw, 800px\" \/>\t\t\t\t\t\t\t\t\t\t\t\t\t\t\t<\/div>\n\t\t\t\t<\/div>\n\t\t\t\t<\/div>\n\t\t<div class=\"elementor-element elementor-element-92e0430 e-con-full epic-inline-shelf__radial-gradient elementor-hidden-widescreen elementor-hidden-desktop elementor-hidden-laptop elementor-hidden-tablet elementor-hidden-mobile e-flex e-con e-child\" data-id=\"92e0430\" data-element_type=\"container\" data-settings=\"{&quot;position&quot;:&quot;absolute&quot;}\">\n\t\t\t\t<\/div>\n\t\t\t\t<\/div>\n\t\t<div class=\"elementor-element elementor-element-a990556 e-con-full e-flex e-con e-child\" data-id=\"a990556\" data-element_type=\"container\">\n\t\t\t\t<div class=\"elementor-element elementor-element-5857f33 elementor-widget elementor-widget-html\" data-id=\"5857f33\" data-element_type=\"widget\" data-widget_type=\"html.default\">\n\t\t\t\t<div class=\"elementor-widget-container\">\n\t\t\t\t\t<iframe src=\"https:\/\/www.ivoox.com\/player_es_podcast_2591720_zp_1.html?c1=da8b3d\" width=\"100%\" height=\"400\" frameborder=\"0\" allowfullscreen=\"\" scrolling=\"no\" loading=\"lazy\"><\/iframe>\t\t\t\t<\/div>\n\t\t\t\t<\/div>\n\t\t<div class=\"elementor-element elementor-element-33a69a7 e-con-full e-grid elementor-hidden-widescreen elementor-hidden-desktop elementor-hidden-laptop elementor-hidden-tablet elementor-hidden-mobile e-con e-child\" data-id=\"33a69a7\" data-element_type=\"container\">\n\t\t<div class=\"elementor-element elementor-element-0e3f839 e-con-full e-flex e-con e-child\" data-id=\"0e3f839\" data-element_type=\"container\" data-settings=\"{&quot;background_background&quot;:&quot;classic&quot;}\">\n\t\t\t\t<div class=\"elementor-element elementor-element-b5b83dc elementor-widget elementor-widget-html\" data-id=\"b5b83dc\" data-element_type=\"widget\" data-widget_type=\"html.default\">\n\t\t\t\t<div class=\"elementor-widget-container\">\n\t\t\t\t\t<iframe src=\"https:\/\/www.ivoox.com\/player_ej_144961386_6_1.html?c1=20394A\" width=\"100%\" height=\"200\" frameborder=\"0\" allowfullscreen=\"\" scrolling=\"no\" loading=\"lazy\"><\/iframe>\t\t\t\t<\/div>\n\t\t\t\t<\/div>\n\t\t\t\t<div class=\"elementor-element elementor-element-195f78e elementor-widget elementor-widget-heading\" data-id=\"195f78e\" data-element_type=\"widget\" data-widget_type=\"heading.default\">\n\t\t\t\t<div class=\"elementor-widget-container\">\n\t\t\t\t\t<h2 class=\"elementor-heading-title elementor-size-default\">Nuevos prop\u00f3sitos<\/h2>\t\t\t\t<\/div>\n\t\t\t\t<\/div>\n\t\t\t\t<div class=\"elementor-element elementor-element-1376d4e elementor-widget elementor-widget-text-editor\" data-id=\"1376d4e\" data-element_type=\"widget\" data-widget_type=\"text-editor.default\">\n\t\t\t\t<div class=\"elementor-widget-container\">\n\t\t\t\t\t\t\t\t\t<p><span style=\"font-weight: 400;\">Explicaremos c\u00f3mo cada inicio de a\u00f1o nos invita a renovar nuestras metas y objetivos. Hablaremos sobre la importancia de establecer prop\u00f3sitos claros\u00a0 y c\u00f3mo podemos abordarlos de manera efectiva y manteniendo la motivaci\u00f3n\u00a0 a lo largo del tiempo.<\/span><\/p>\t\t\t\t\t\t\t\t<\/div>\n\t\t\t\t<\/div>\n\t\t\t\t<\/div>\n\t\t<div class=\"elementor-element elementor-element-ff8c16b e-con-full e-flex e-con e-child\" data-id=\"ff8c16b\" data-element_type=\"container\" data-settings=\"{&quot;background_background&quot;:&quot;classic&quot;}\">\n\t\t\t\t<div class=\"elementor-element elementor-element-1d08f7a elementor-widget elementor-widget-html\" data-id=\"1d08f7a\" data-element_type=\"widget\" data-widget_type=\"html.default\">\n\t\t\t\t<div class=\"elementor-widget-container\">\n\t\t\t\t\t<iframe src=\"https:\/\/www.ivoox.com\/player_ej_144961904_6_1.html?c1=da8b3d\" width=\"100%\" height=\"200\" frameborder=\"0\" allowfullscreen=\"\" scrolling=\"no\" loading=\"lazy\"><\/iframe>\t\t\t\t<\/div>\n\t\t\t\t<\/div>\n\t\t\t\t<div class=\"elementor-element elementor-element-4193ada elementor-widget elementor-widget-heading\" data-id=\"4193ada\" data-element_type=\"widget\" data-widget_type=\"heading.default\">\n\t\t\t\t<div class=\"elementor-widget-container\">\n\t\t\t\t\t<h2 class=\"elementor-heading-title elementor-size-default\">Ahorro<\/h2>\t\t\t\t<\/div>\n\t\t\t\t<\/div>\n\t\t\t\t<div class=\"elementor-element elementor-element-768ee5f elementor-widget elementor-widget-text-editor\" data-id=\"768ee5f\" data-element_type=\"widget\" data-widget_type=\"text-editor.default\">\n\t\t\t\t<div class=\"elementor-widget-container\">\n\t\t\t\t\t\t\t\t\t<p><span style=\"font-weight: 400;\">Hablaremos sobre un tema clave para nuestra vida diaria: el ahorro. Exploramos consejos pr\u00e1cticos para mejorar tus finanzas personales, estrategias para ense\u00f1ar a los ni\u00f1os a ahorrar desde peque\u00f1os, y c\u00f3mo estos h\u00e1bitos pueden marcar la diferencia en el futuro.<\/span><\/p>\t\t\t\t\t\t\t\t<\/div>\n\t\t\t\t<\/div>\n\t\t\t\t<\/div>\n\t\t<div class=\"elementor-element elementor-element-edbf8ad e-con-full e-flex e-con e-child\" data-id=\"edbf8ad\" data-element_type=\"container\" data-settings=\"{&quot;background_background&quot;:&quot;classic&quot;}\">\n\t\t\t\t<div class=\"elementor-element elementor-element-3c29dde elementor-widget elementor-widget-html\" data-id=\"3c29dde\" data-element_type=\"widget\" data-widget_type=\"html.default\">\n\t\t\t\t<div class=\"elementor-widget-container\">\n\t\t\t\t\t<iframe src=\"https:\/\/www.ivoox.com\/player_ej_145005465_6_1.html?c1=3CB6D8\" width=\"100%\" height=\"200\" frameborder=\"0\" allowfullscreen=\"\" scrolling=\"no\" loading=\"lazy\"><\/iframe>\t\t\t\t<\/div>\n\t\t\t\t<\/div>\n\t\t\t\t<div class=\"elementor-element elementor-element-a4a90c3 elementor-widget elementor-widget-heading\" data-id=\"a4a90c3\" data-element_type=\"widget\" data-widget_type=\"heading.default\">\n\t\t\t\t<div class=\"elementor-widget-container\">\n\t\t\t\t\t<h2 class=\"elementor-heading-title elementor-size-default\">Consumo inteligente<\/h2>\t\t\t\t<\/div>\n\t\t\t\t<\/div>\n\t\t\t\t<div class=\"elementor-element elementor-element-50ad23c elementor-widget elementor-widget-text-editor\" data-id=\"50ad23c\" data-element_type=\"widget\" data-widget_type=\"text-editor.default\">\n\t\t\t\t<div class=\"elementor-widget-container\">\n\t\t\t\t\t\t\t\t\t<p><span style=\"font-weight: 400;\">Consumo inteligente, una herramienta clave para tomar decisiones informadas y responsables en nuestra vida diaria. Reflexionaremos juntos sobre c\u00f3mo optimizar nuestros recursos, cuidar nuestro entorno y mejorar nuestra calidad de vida. <\/span><\/p>\t\t\t\t\t\t\t\t<\/div>\n\t\t\t\t<\/div>\n\t\t\t\t<\/div>\n\t\t<div class=\"elementor-element elementor-element-2301454 e-con-full e-flex e-con e-child\" data-id=\"2301454\" data-element_type=\"container\" data-settings=\"{&quot;background_background&quot;:&quot;classic&quot;}\">\n\t\t\t\t<div class=\"elementor-element elementor-element-4cea4df elementor-widget elementor-widget-html\" data-id=\"4cea4df\" data-element_type=\"widget\" data-widget_type=\"html.default\">\n\t\t\t\t<div class=\"elementor-widget-container\">\n\t\t\t\t\t<iframe src=\"https:\/\/www.ivoox.com\/player_ej_144961386_6_1.html?c1=20394A\" width=\"100%\" height=\"200\" frameborder=\"0\" allowfullscreen=\"\" scrolling=\"no\" loading=\"lazy\"><\/iframe>\t\t\t\t<\/div>\n\t\t\t\t<\/div>\n\t\t\t\t<div class=\"elementor-element elementor-element-e4df19b elementor-widget elementor-widget-heading\" data-id=\"e4df19b\" data-element_type=\"widget\" data-widget_type=\"heading.default\">\n\t\t\t\t<div class=\"elementor-widget-container\">\n\t\t\t\t\t<h2 class=\"elementor-heading-title elementor-size-default\">Nuevos prop\u00f3sitos<\/h2>\t\t\t\t<\/div>\n\t\t\t\t<\/div>\n\t\t\t\t<div class=\"elementor-element elementor-element-00dc4f8 elementor-widget elementor-widget-text-editor\" data-id=\"00dc4f8\" data-element_type=\"widget\" data-widget_type=\"text-editor.default\">\n\t\t\t\t<div class=\"elementor-widget-container\">\n\t\t\t\t\t\t\t\t\t<p><span style=\"font-weight: 400;\">Explicaremos c\u00f3mo cada inicio de a\u00f1o nos invita a renovar nuestras metas y objetivos. Hablaremos sobre la importancia de establecer prop\u00f3sitos claros\u00a0 y c\u00f3mo podemos abordarlos de manera efectiva y manteniendo la motivaci\u00f3n\u00a0 a lo largo del tiempo.<\/span><\/p>\t\t\t\t\t\t\t\t<\/div>\n\t\t\t\t<\/div>\n\t\t\t\t<\/div>\n\t\t<div class=\"elementor-element elementor-element-77d7a31 e-con-full e-flex e-con e-child\" data-id=\"77d7a31\" data-element_type=\"container\">\n\t\t\t\t<div class=\"elementor-element elementor-element-301d17c elementor-widget elementor-widget-html\" data-id=\"301d17c\" data-element_type=\"widget\" data-widget_type=\"html.default\">\n\t\t\t\t<div class=\"elementor-widget-container\">\n\t\t\t\t\t<iframe src=\"https:\/\/www.ivoox.com\/player_ej_145005465_6_1.html?c1=3CB6D8\" width=\"100%\" height=\"200\" frameborder=\"0\" allowfullscreen=\"\" scrolling=\"no\" loading=\"lazy\"><\/iframe>\t\t\t\t<\/div>\n\t\t\t\t<\/div>\n\t\t\t\t<div class=\"elementor-element elementor-element-23e9d44 elementor-widget elementor-widget-heading\" data-id=\"23e9d44\" data-element_type=\"widget\" data-widget_type=\"heading.default\">\n\t\t\t\t<div class=\"elementor-widget-container\">\n\t\t\t\t\t<h3 class=\"elementor-heading-title elementor-size-default\">Consumo inteligente<\/h3>\t\t\t\t<\/div>\n\t\t\t\t<\/div>\n\t\t\t\t<div class=\"elementor-element elementor-element-7cd9c3e elementor-widget elementor-widget-text-editor\" data-id=\"7cd9c3e\" data-element_type=\"widget\" data-widget_type=\"text-editor.default\">\n\t\t\t\t<div class=\"elementor-widget-container\">\n\t\t\t\t\t\t\t\t\t<p><span style=\"font-weight: 400;\">Consumo inteligente, una herramienta clave para tomar decisiones informadas y responsables en nuestra vida diaria. Reflexionaremos juntos sobre c\u00f3mo optimizar nuestros recursos, cuidar nuestro entorno y mejorar nuestra calidad de vida. <\/span><\/p>\t\t\t\t\t\t\t\t<\/div>\n\t\t\t\t<\/div>\n\t\t\t\t<\/div>\n\t\t<div class=\"elementor-element elementor-element-e8cd42c e-con-full e-flex e-con e-child\" data-id=\"e8cd42c\" data-element_type=\"container\">\n\t\t\t\t<div class=\"elementor-element elementor-element-a649a08 elementor-widget elementor-widget-html\" data-id=\"a649a08\" data-element_type=\"widget\" data-widget_type=\"html.default\">\n\t\t\t\t<div class=\"elementor-widget-container\">\n\t\t\t\t\t<iframe src=\"https:\/\/www.ivoox.com\/player_ej_145005465_6_1.html?c1=3CB6D8\" width=\"100%\" height=\"200\" frameborder=\"0\" allowfullscreen=\"\" scrolling=\"no\" loading=\"lazy\"><\/iframe>\t\t\t\t<\/div>\n\t\t\t\t<\/div>\n\t\t\t\t<div class=\"elementor-element elementor-element-4bb6f28 elementor-widget elementor-widget-heading\" data-id=\"4bb6f28\" data-element_type=\"widget\" data-widget_type=\"heading.default\">\n\t\t\t\t<div class=\"elementor-widget-container\">\n\t\t\t\t\t<h3 class=\"elementor-heading-title elementor-size-default\">Consumo inteligente<\/h3>\t\t\t\t<\/div>\n\t\t\t\t<\/div>\n\t\t\t\t<div class=\"elementor-element elementor-element-da2bb17 elementor-widget elementor-widget-text-editor\" data-id=\"da2bb17\" data-element_type=\"widget\" data-widget_type=\"text-editor.default\">\n\t\t\t\t<div class=\"elementor-widget-container\">\n\t\t\t\t\t\t\t\t\t<p><span style=\"font-weight: 400;\">Consumo inteligente, una herramienta clave para tomar decisiones informadas y responsables en nuestra vida diaria. Reflexionaremos juntos sobre c\u00f3mo optimizar nuestros recursos, cuidar nuestro entorno y mejorar nuestra calidad de vida. <\/span><\/p>\t\t\t\t\t\t\t\t<\/div>\n\t\t\t\t<\/div>\n\t\t\t\t<\/div>\n\t\t\t\t<\/div>\n\t\t\t\t<\/div>\n\t\t<div class=\"elementor-element elementor-element-4e1a6eb e-con-full e-flex e-con e-child\" data-id=\"4e1a6eb\" data-element_type=\"container\" data-settings=\"{&quot;background_background&quot;:&quot;classic&quot;}\">\n\t\t<div class=\"elementor-element elementor-element-90eda54 e-con-full e-flex e-con e-child\" data-id=\"90eda54\" data-element_type=\"container\">\n\t\t\t\t<div class=\"elementor-element elementor-element-0b8c3e1 elementor-widget elementor-widget-heading\" data-id=\"0b8c3e1\" data-element_type=\"widget\" data-widget_type=\"heading.default\">\n\t\t\t\t<div class=\"elementor-widget-container\">\n\t\t\t\t\t<h1 class=\"elementor-heading-title elementor-size-default\">Escucha ahora y transforma tu vida<\/h1>\t\t\t\t<\/div>\n\t\t\t\t<\/div>\n\t\t\t\t<div class=\"elementor-element elementor-element-a19e795 elementor-widget elementor-widget-text-editor\" data-id=\"a19e795\" data-element_type=\"widget\" data-widget_type=\"text-editor.default\">\n\t\t\t\t<div class=\"elementor-widget-container\">\n\t\t\t\t\t\t\t\t\t<p>Tranquilidad y ayuda en tu d\u00eda a d\u00eda, descarga nuestra app.<\/p>\t\t\t\t\t\t\t\t<\/div>\n\t\t\t\t<\/div>\n\t\t<div class=\"elementor-element elementor-element-f1ffd2f e-grid e-con-full e-con e-child\" data-id=\"f1ffd2f\" data-element_type=\"container\">\n\t\t\t\t<div class=\"elementor-element elementor-element-c4bb314 elementor-widget elementor-widget-image\" data-id=\"c4bb314\" data-element_type=\"widget\" data-widget_type=\"image.default\">\n\t\t\t\t<div class=\"elementor-widget-container\">\n\t\t\t\t\t\t\t\t\t\t\t\t\t\t\t\t<a href=\"https:\/\/apps.apple.com\/mx\/app\/esperanza-m\u00e9xico-radio\/id6472077444\">\n\t\t\t\t\t\t\t<img decoding=\"async\" width=\"217\" height=\"73\" src=\"https:\/\/radio.esperanzamexico.com\/wp-content\/uploads\/2024\/12\/appstore.svg\" class=\"attachment-full size-full wp-image-85\" alt=\"\" \/>\t\t\t\t\t\t\t\t<\/a>\n\t\t\t\t\t\t\t\t\t\t\t\t\t\t\t<\/div>\n\t\t\t\t<\/div>\n\t\t\t\t<div class=\"elementor-element elementor-element-d5966ba elementor-widget elementor-widget-image\" data-id=\"d5966ba\" data-element_type=\"widget\" data-widget_type=\"image.default\">\n\t\t\t\t<div class=\"elementor-widget-container\">\n\t\t\t\t\t\t\t\t\t\t\t\t\t\t\t\t<a href=\"https:\/\/play.google.com\/store\/search?q=esperanza%20mexico&#038;c=apps&#038;hl=es_MX\">\n\t\t\t\t\t\t\t<img loading=\"lazy\" decoding=\"async\" width=\"217\" height=\"73\" src=\"https:\/\/radio.esperanzamexico.com\/wp-content\/uploads\/2024\/12\/playstore.svg\" class=\"attachment-full size-full wp-image-86\" alt=\"\" \/>\t\t\t\t\t\t\t\t<\/a>\n\t\t\t\t\t\t\t\t\t\t\t\t\t\t\t<\/div>\n\t\t\t\t<\/div>\n\t\t\t\t<\/div>\n\t\t\t\t<\/div>\n\t\t\t\t<\/div>\n\t\t\t\t<\/div>\n\t\t\t\t\t<\/div>\n\t\t\t\t<\/div>\n\t\t<div class=\"elementor-element elementor-element-02bb820 e-flex e-con-boxed e-con e-parent\" data-id=\"02bb820\" data-element_type=\"container\">\n\t\t\t\t\t<div class=\"e-con-inner\">\n\t\t\t\t\t<\/div>\n\t\t\t\t<\/div>\n\t\t\t\t<\/div>\n\t\t","protected":false},"excerpt":{"rendered":"<p>Conexi\u00f3n Educativa es un espacio donde la ense\u00f1anza cobra vida a trav\u00e9s de los consejos de un maestro apasionado por la educaci\u00f3n. En cada episodio, exploramos estrategias, reflexiones y herramientas para mejorar el aprendizaje. Este programa busca inspirar a estudiantes, padres y docentes a construir un futuro mejor a trav\u00e9s del conocimiento. Nuevos prop\u00f3sitos Explicaremos [&hellip;]<\/p>\n","protected":false},"author":1,"featured_media":0,"parent":0,"menu_order":0,"comment_status":"closed","ping_status":"closed","template":"","meta":{"_acf_changed":false,"footnotes":""},"class_list":["post-482","page","type-page","status-publish","hentry"],"acf":[],"aioseo_notices":[],"_links":{"self":[{"href":"https:\/\/radio.esperanzamexico.com\/index.php\/wp-json\/wp\/v2\/pages\/482","targetHints":{"allow":["GET"]}}],"collection":[{"href":"https:\/\/radio.esperanzamexico.com\/index.php\/wp-json\/wp\/v2\/pages"}],"about":[{"href":"https:\/\/radio.esperanzamexico.com\/index.php\/wp-json\/wp\/v2\/types\/page"}],"author":[{"embeddable":true,"href":"https:\/\/radio.esperanzamexico.com\/index.php\/wp-json\/wp\/v2\/users\/1"}],"replies":[{"embeddable":true,"href":"https:\/\/radio.esperanzamexico.com\/index.php\/wp-json\/wp\/v2\/comments?post=482"}],"version-history":[{"count":25,"href":"https:\/\/radio.esperanzamexico.com\/index.php\/wp-json\/wp\/v2\/pages\/482\/revisions"}],"predecessor-version":[{"id":558,"href":"https:\/\/radio.esperanzamexico.com\/index.php\/wp-json\/wp\/v2\/pages\/482\/revisions\/558"}],"wp:attachment":[{"href":"https:\/\/radio.esperanzamexico.com\/index.php\/wp-json\/wp\/v2\/media?parent=482"}],"curies":[{"name":"wp","href":"https:\/\/api.w.org\/{rel}","templated":true}]}}