{"id":521,"date":"2025-07-09T18:07:34","date_gmt":"2025-07-09T18:07:34","guid":{"rendered":"https:\/\/radio.esperanzamexico.com\/?page_id=521"},"modified":"2025-07-09T19:28:46","modified_gmt":"2025-07-09T19:28:46","slug":"encuentro-cero","status":"publish","type":"page","link":"https:\/\/radio.esperanzamexico.com\/index.php\/encuentro-cero\/","title":{"rendered":"Encuentro Cero"},"content":{"rendered":"\t\t<div data-elementor-type=\"wp-page\" data-elementor-id=\"521\" class=\"elementor elementor-521\" data-elementor-post-type=\"page\">\n\t\t\t\t<div class=\"elementor-element elementor-element-b0abe74 e-flex e-con-boxed e-con e-parent\" data-id=\"b0abe74\" data-element_type=\"container\">\n\t\t\t\t\t<div class=\"e-con-inner\">\n\t\t<div class=\"elementor-element elementor-element-53adb42 e-con-full e-flex e-con e-child\" data-id=\"53adb42\" data-element_type=\"container\">\n\t\t<div class=\"elementor-element elementor-element-147103d e-con-full e-flex e-con e-child\" data-id=\"147103d\" data-element_type=\"container\" data-settings=\"{&quot;background_background&quot;:&quot;classic&quot;}\">\n\t\t<div class=\"elementor-element elementor-element-b5b5c69 e-con-full e-grid e-con e-child\" data-id=\"b5b5c69\" data-element_type=\"container\">\n\t\t<div class=\"elementor-element elementor-element-447b512 e-con-full e-flex e-con e-child\" data-id=\"447b512\" data-element_type=\"container\">\n\t\t\t\t<div class=\"elementor-element elementor-element-0d9d46e elementor-widget__width-initial elementor-widget elementor-widget-image\" data-id=\"0d9d46e\" data-element_type=\"widget\" data-widget_type=\"image.default\">\n\t\t\t\t<div class=\"elementor-widget-container\">\n\t\t\t\t\t\t\t\t\t\t\t\t\t\t\t<img fetchpriority=\"high\" decoding=\"async\" width=\"800\" height=\"252\" src=\"https:\/\/radio.esperanzamexico.com\/wp-content\/uploads\/2025\/07\/imagen-Spotify-ENCUENTRO-CERO-3-2-1024x322.png\" class=\"attachment-large size-large wp-image-525\" alt=\"ENCUENTRO CERO\" srcset=\"https:\/\/radio.esperanzamexico.com\/wp-content\/uploads\/2025\/07\/imagen-Spotify-ENCUENTRO-CERO-3-2-1024x322.png 1024w, https:\/\/radio.esperanzamexico.com\/wp-content\/uploads\/2025\/07\/imagen-Spotify-ENCUENTRO-CERO-3-2-300x94.png 300w, https:\/\/radio.esperanzamexico.com\/wp-content\/uploads\/2025\/07\/imagen-Spotify-ENCUENTRO-CERO-3-2-768x241.png 768w, https:\/\/radio.esperanzamexico.com\/wp-content\/uploads\/2025\/07\/imagen-Spotify-ENCUENTRO-CERO-3-2.png 1400w\" sizes=\"(max-width: 800px) 100vw, 800px\" \/>\t\t\t\t\t\t\t\t\t\t\t\t\t\t\t<\/div>\n\t\t\t\t<\/div>\n\t\t\t\t<div class=\"elementor-element elementor-element-73d4fac elementor-hidden-widescreen elementor-hidden-desktop elementor-hidden-laptop elementor-hidden-tablet elementor-hidden-mobile elementor-widget elementor-widget-heading\" data-id=\"73d4fac\" data-element_type=\"widget\" data-widget_type=\"heading.default\">\n\t\t\t\t<div class=\"elementor-widget-container\">\n\t\t\t\t\t<h1 class=\"elementor-heading-title elementor-size-default\">Encuentro Cero<\/h1>\t\t\t\t<\/div>\n\t\t\t\t<\/div>\n\t\t\t\t<div class=\"elementor-element elementor-element-7ac0008 elementor-widget-widescreen__width-initial elementor-widget elementor-widget-text-editor\" data-id=\"7ac0008\" data-element_type=\"widget\" data-widget_type=\"text-editor.default\">\n\t\t\t\t<div class=\"elementor-widget-container\">\n\t\t\t\t\t\t\t\t\t<p><span style=\"font-weight: 400;\">Es un programa dise\u00f1ado para transformar nuestra manera de ver la vida. Al enfocar nuestros pensamientos en lo positivo y confiar en la ayuda de Dios, podemos alcanzar grandes cosas. \u00a1Acomp\u00e1\u00f1anos en este viaje de cambio y esperanza.<\/span><\/p>\t\t\t\t\t\t\t\t<\/div>\n\t\t\t\t<\/div>\n\t\t\t\t<\/div>\n\t\t\t\t<div class=\"elementor-element elementor-element-9a37af7 elementor-widget__width-initial elementor-widget elementor-widget-image\" data-id=\"9a37af7\" data-element_type=\"widget\" data-widget_type=\"image.default\">\n\t\t\t\t<div class=\"elementor-widget-container\">\n\t\t\t\t\t\t\t\t\t\t\t\t\t\t\t<img decoding=\"async\" width=\"800\" height=\"545\" src=\"https:\/\/radio.esperanzamexico.com\/wp-content\/uploads\/2025\/07\/imagen-Spotify-ENCUENTRO-CERO-2-1024x697.png\" class=\"attachment-large size-large wp-image-524\" alt=\"\" srcset=\"https:\/\/radio.esperanzamexico.com\/wp-content\/uploads\/2025\/07\/imagen-Spotify-ENCUENTRO-CERO-2-1024x697.png 1024w, https:\/\/radio.esperanzamexico.com\/wp-content\/uploads\/2025\/07\/imagen-Spotify-ENCUENTRO-CERO-2-300x204.png 300w, https:\/\/radio.esperanzamexico.com\/wp-content\/uploads\/2025\/07\/imagen-Spotify-ENCUENTRO-CERO-2-768x523.png 768w, https:\/\/radio.esperanzamexico.com\/wp-content\/uploads\/2025\/07\/imagen-Spotify-ENCUENTRO-CERO-2.png 1416w\" sizes=\"(max-width: 800px) 100vw, 800px\" \/>\t\t\t\t\t\t\t\t\t\t\t\t\t\t\t<\/div>\n\t\t\t\t<\/div>\n\t\t\t\t<\/div>\n\t\t<div class=\"elementor-element elementor-element-204c545 e-con-full epic-inline-shelf__radial-gradient elementor-hidden-widescreen elementor-hidden-desktop elementor-hidden-laptop elementor-hidden-tablet elementor-hidden-mobile e-flex e-con e-child\" data-id=\"204c545\" data-element_type=\"container\" data-settings=\"{&quot;position&quot;:&quot;absolute&quot;}\">\n\t\t\t\t<\/div>\n\t\t\t\t<\/div>\n\t\t<div class=\"elementor-element elementor-element-c65633b e-con-full e-flex e-con e-child\" data-id=\"c65633b\" data-element_type=\"container\">\n\t\t\t\t<div class=\"elementor-element elementor-element-b1c0798 elementor-widget elementor-widget-html\" data-id=\"b1c0798\" data-element_type=\"widget\" data-widget_type=\"html.default\">\n\t\t\t\t<div class=\"elementor-widget-container\">\n\t\t\t\t\t<iframe src=\"https:\/\/www.ivoox.com\/player_es_podcast_2519433_zp_1.html?c1=283b6e\" width=\"100%\" height=\"400\" frameborder=\"0\" allowfullscreen=\"\" scrolling=\"no\" loading=\"lazy\"><\/iframe>\t\t\t\t<\/div>\n\t\t\t\t<\/div>\n\t\t\t\t<\/div>\n\t\t<div class=\"elementor-element elementor-element-f5d0ae6 e-con-full e-flex e-con e-child\" data-id=\"f5d0ae6\" data-element_type=\"container\" data-settings=\"{&quot;background_background&quot;:&quot;classic&quot;}\">\n\t\t<div class=\"elementor-element elementor-element-a24cb05 e-con-full e-flex e-con e-child\" data-id=\"a24cb05\" data-element_type=\"container\">\n\t\t\t\t<div class=\"elementor-element elementor-element-9ca86b2 elementor-widget elementor-widget-heading\" data-id=\"9ca86b2\" data-element_type=\"widget\" data-widget_type=\"heading.default\">\n\t\t\t\t<div class=\"elementor-widget-container\">\n\t\t\t\t\t<h1 class=\"elementor-heading-title elementor-size-default\">Escucha ahora y transforma tu vida<\/h1>\t\t\t\t<\/div>\n\t\t\t\t<\/div>\n\t\t\t\t<div class=\"elementor-element elementor-element-12a147e elementor-widget elementor-widget-text-editor\" data-id=\"12a147e\" data-element_type=\"widget\" data-widget_type=\"text-editor.default\">\n\t\t\t\t<div class=\"elementor-widget-container\">\n\t\t\t\t\t\t\t\t\t<p>Tranquilidad y ayuda en tu d\u00eda a d\u00eda, descarga nuestra app.<\/p>\t\t\t\t\t\t\t\t<\/div>\n\t\t\t\t<\/div>\n\t\t<div class=\"elementor-element elementor-element-c5a1b84 e-grid e-con-full e-con e-child\" data-id=\"c5a1b84\" data-element_type=\"container\">\n\t\t\t\t<div class=\"elementor-element elementor-element-59d55a0 elementor-widget elementor-widget-image\" data-id=\"59d55a0\" data-element_type=\"widget\" data-widget_type=\"image.default\">\n\t\t\t\t<div class=\"elementor-widget-container\">\n\t\t\t\t\t\t\t\t\t\t\t\t\t\t\t\t<a href=\"https:\/\/apps.apple.com\/mx\/app\/esperanza-m\u00e9xico-radio\/id6472077444\">\n\t\t\t\t\t\t\t<img decoding=\"async\" width=\"217\" height=\"73\" src=\"https:\/\/radio.esperanzamexico.com\/wp-content\/uploads\/2024\/12\/appstore.svg\" class=\"attachment-full size-full wp-image-85\" alt=\"\" \/>\t\t\t\t\t\t\t\t<\/a>\n\t\t\t\t\t\t\t\t\t\t\t\t\t\t\t<\/div>\n\t\t\t\t<\/div>\n\t\t\t\t<div class=\"elementor-element elementor-element-9bf0298 elementor-widget elementor-widget-image\" data-id=\"9bf0298\" data-element_type=\"widget\" data-widget_type=\"image.default\">\n\t\t\t\t<div class=\"elementor-widget-container\">\n\t\t\t\t\t\t\t\t\t\t\t\t\t\t\t\t<a href=\"https:\/\/play.google.com\/store\/search?q=esperanza%20mexico&#038;c=apps&#038;hl=es_MX\">\n\t\t\t\t\t\t\t<img loading=\"lazy\" decoding=\"async\" width=\"217\" height=\"73\" src=\"https:\/\/radio.esperanzamexico.com\/wp-content\/uploads\/2024\/12\/playstore.svg\" class=\"attachment-full size-full wp-image-86\" alt=\"\" \/>\t\t\t\t\t\t\t\t<\/a>\n\t\t\t\t\t\t\t\t\t\t\t\t\t\t\t<\/div>\n\t\t\t\t<\/div>\n\t\t\t\t<\/div>\n\t\t\t\t<\/div>\n\t\t\t\t<\/div>\n\t\t\t\t<\/div>\n\t\t\t\t\t<\/div>\n\t\t\t\t<\/div>\n\t\t\t\t<\/div>\n\t\t","protected":false},"excerpt":{"rendered":"<p>Es un programa dise\u00f1ado para transformar nuestra manera de ver la vida. Al enfocar nuestros pensamientos en lo positivo y confiar en la ayuda de Dios, podemos alcanzar grandes cosas. \u00a1Acomp\u00e1\u00f1anos en este viaje de cambio y esperanza. Escucha ahora y transforma tu vida Tranquilidad y ayuda en tu d\u00eda a d\u00eda, descarga nuestra app.<\/p>\n","protected":false},"author":1,"featured_media":0,"parent":0,"menu_order":0,"comment_status":"closed","ping_status":"closed","template":"","meta":{"_acf_changed":false,"footnotes":""},"class_list":["post-521","page","type-page","status-publish","hentry"],"acf":[],"aioseo_notices":[],"_links":{"self":[{"href":"https:\/\/radio.esperanzamexico.com\/index.php\/wp-json\/wp\/v2\/pages\/521","targetHints":{"allow":["GET"]}}],"collection":[{"href":"https:\/\/radio.esperanzamexico.com\/index.php\/wp-json\/wp\/v2\/pages"}],"about":[{"href":"https:\/\/radio.esperanzamexico.com\/index.php\/wp-json\/wp\/v2\/types\/page"}],"author":[{"embeddable":true,"href":"https:\/\/radio.esperanzamexico.com\/index.php\/wp-json\/wp\/v2\/users\/1"}],"replies":[{"embeddable":true,"href":"https:\/\/radio.esperanzamexico.com\/index.php\/wp-json\/wp\/v2\/comments?post=521"}],"version-history":[{"count":7,"href":"https:\/\/radio.esperanzamexico.com\/index.php\/wp-json\/wp\/v2\/pages\/521\/revisions"}],"predecessor-version":[{"id":549,"href":"https:\/\/radio.esperanzamexico.com\/index.php\/wp-json\/wp\/v2\/pages\/521\/revisions\/549"}],"wp:attachment":[{"href":"https:\/\/radio.esperanzamexico.com\/index.php\/wp-json\/wp\/v2\/media?parent=521"}],"curies":[{"name":"wp","href":"https:\/\/api.w.org\/{rel}","templated":true}]}}