{"id":530,"date":"2025-07-09T18:51:08","date_gmt":"2025-07-09T18:51:08","guid":{"rendered":"https:\/\/radio.esperanzamexico.com\/?page_id=530"},"modified":"2025-07-09T19:30:48","modified_gmt":"2025-07-09T19:30:48","slug":"protegidas-por-jesus","status":"publish","type":"page","link":"https:\/\/radio.esperanzamexico.com\/index.php\/protegidas-por-jesus\/","title":{"rendered":"Protegidas por Jes\u00fas"},"content":{"rendered":"\t\t<div data-elementor-type=\"wp-page\" data-elementor-id=\"530\" class=\"elementor elementor-530\" data-elementor-post-type=\"page\">\n\t\t\t\t<div class=\"elementor-element elementor-element-d97a88c e-flex e-con-boxed e-con e-parent\" data-id=\"d97a88c\" data-element_type=\"container\">\n\t\t\t\t\t<div class=\"e-con-inner\">\n\t\t<div class=\"elementor-element elementor-element-2ce2b68 e-con-full e-flex e-con e-child\" data-id=\"2ce2b68\" data-element_type=\"container\">\n\t\t<div class=\"elementor-element elementor-element-767fe20 e-con-full e-flex e-con e-child\" data-id=\"767fe20\" data-element_type=\"container\" data-settings=\"{&quot;background_background&quot;:&quot;classic&quot;}\">\n\t\t<div class=\"elementor-element elementor-element-17cf5c8 e-con-full e-grid e-con e-child\" data-id=\"17cf5c8\" data-element_type=\"container\">\n\t\t<div class=\"elementor-element elementor-element-6ad58dd e-con-full e-flex e-con e-child\" data-id=\"6ad58dd\" data-element_type=\"container\">\n\t\t\t\t<div class=\"elementor-element elementor-element-6308915 elementor-widget elementor-widget-heading\" data-id=\"6308915\" data-element_type=\"widget\" data-widget_type=\"heading.default\">\n\t\t\t\t<div class=\"elementor-widget-container\">\n\t\t\t\t\t<h1 class=\"elementor-heading-title elementor-size-default\">Protegidas por Jes\u00fas<\/h1>\t\t\t\t<\/div>\n\t\t\t\t<\/div>\n\t\t\t\t<div class=\"elementor-element elementor-element-d072bb4 elementor-widget-widescreen__width-initial elementor-widget elementor-widget-text-editor\" data-id=\"d072bb4\" data-element_type=\"widget\" data-widget_type=\"text-editor.default\">\n\t\t\t\t<div class=\"elementor-widget-container\">\n\t\t\t\t\t\t\t\t\t<p><span style=\"font-weight: 400;\">Es un espacio de apoyo y esperanza para mujeres que enfrentan la p\u00e9rdida de su esposo. A trav\u00e9s de reflexiones, asesor\u00eda legal, consejos emocionales y orientaci\u00f3n financiera, este ministerio de viudas brinda herramientas para sanar y seguir adelante, confiando en el amor y la protecci\u00f3n de Dios. \u00a1Juntas en fe, fortaleza y esperanza!<\/span><\/p>\t\t\t\t\t\t\t\t<\/div>\n\t\t\t\t<\/div>\n\t\t\t\t<\/div>\n\t\t\t\t<div class=\"elementor-element elementor-element-c321093 elementor-widget__width-initial elementor-widget elementor-widget-image\" data-id=\"c321093\" data-element_type=\"widget\" data-widget_type=\"image.default\">\n\t\t\t\t<div class=\"elementor-widget-container\">\n\t\t\t\t\t\t\t\t\t\t\t\t\t\t\t<img fetchpriority=\"high\" decoding=\"async\" width=\"800\" height=\"800\" src=\"https:\/\/radio.esperanzamexico.com\/wp-content\/uploads\/2025\/07\/Copia-de-SPOTIFY-EXPERTO-4-1024x1024.png\" class=\"attachment-large size-large wp-image-533\" alt=\"\" srcset=\"https:\/\/radio.esperanzamexico.com\/wp-content\/uploads\/2025\/07\/Copia-de-SPOTIFY-EXPERTO-4-1024x1024.png 1024w, https:\/\/radio.esperanzamexico.com\/wp-content\/uploads\/2025\/07\/Copia-de-SPOTIFY-EXPERTO-4-300x300.png 300w, https:\/\/radio.esperanzamexico.com\/wp-content\/uploads\/2025\/07\/Copia-de-SPOTIFY-EXPERTO-4-150x150.png 150w, https:\/\/radio.esperanzamexico.com\/wp-content\/uploads\/2025\/07\/Copia-de-SPOTIFY-EXPERTO-4-768x768.png 768w, https:\/\/radio.esperanzamexico.com\/wp-content\/uploads\/2025\/07\/Copia-de-SPOTIFY-EXPERTO-4.png 1280w\" sizes=\"(max-width: 800px) 100vw, 800px\" \/>\t\t\t\t\t\t\t\t\t\t\t\t\t\t\t<\/div>\n\t\t\t\t<\/div>\n\t\t\t\t<\/div>\n\t\t<div class=\"elementor-element elementor-element-c2ef108 e-con-full epic-inline-shelf__radial-gradient elementor-hidden-widescreen elementor-hidden-desktop elementor-hidden-laptop elementor-hidden-tablet elementor-hidden-mobile e-flex e-con e-child\" data-id=\"c2ef108\" data-element_type=\"container\" data-settings=\"{&quot;position&quot;:&quot;absolute&quot;}\">\n\t\t\t\t<\/div>\n\t\t\t\t<\/div>\n\t\t<div class=\"elementor-element elementor-element-d892b67 e-con-full e-flex e-con e-child\" data-id=\"d892b67\" data-element_type=\"container\">\n\t\t\t\t<div class=\"elementor-element elementor-element-1433bdf elementor-widget elementor-widget-html\" data-id=\"1433bdf\" data-element_type=\"widget\" data-widget_type=\"html.default\">\n\t\t\t\t<div class=\"elementor-widget-container\">\n\t\t\t\t\t<iframe src=\"https:\/\/www.ivoox.com\/player_es_podcast_2591074_zp_1.html?c1=d63b6b\" width=\"100%\" height=\"400\" frameborder=\"0\" allowfullscreen=\"\" scrolling=\"no\" loading=\"lazy\"><\/iframe>\t\t\t\t<\/div>\n\t\t\t\t<\/div>\n\t\t\t\t<\/div>\n\t\t<div class=\"elementor-element elementor-element-7dbe640 e-con-full e-flex e-con e-child\" data-id=\"7dbe640\" data-element_type=\"container\" data-settings=\"{&quot;background_background&quot;:&quot;classic&quot;}\">\n\t\t<div class=\"elementor-element elementor-element-6a01031 e-con-full e-flex e-con e-child\" data-id=\"6a01031\" data-element_type=\"container\">\n\t\t\t\t<div class=\"elementor-element elementor-element-a67861c elementor-widget elementor-widget-heading\" data-id=\"a67861c\" data-element_type=\"widget\" data-widget_type=\"heading.default\">\n\t\t\t\t<div class=\"elementor-widget-container\">\n\t\t\t\t\t<h1 class=\"elementor-heading-title elementor-size-default\">Escucha ahora y transforma tu vida<\/h1>\t\t\t\t<\/div>\n\t\t\t\t<\/div>\n\t\t\t\t<div class=\"elementor-element elementor-element-fe9177e elementor-widget elementor-widget-text-editor\" data-id=\"fe9177e\" data-element_type=\"widget\" data-widget_type=\"text-editor.default\">\n\t\t\t\t<div class=\"elementor-widget-container\">\n\t\t\t\t\t\t\t\t\t<p>Tranquilidad y ayuda en tu d\u00eda a d\u00eda, descarga nuestra app.<\/p>\t\t\t\t\t\t\t\t<\/div>\n\t\t\t\t<\/div>\n\t\t<div class=\"elementor-element elementor-element-39e66fd e-grid e-con-full e-con e-child\" data-id=\"39e66fd\" data-element_type=\"container\">\n\t\t\t\t<div class=\"elementor-element elementor-element-39d9713 elementor-widget elementor-widget-image\" data-id=\"39d9713\" data-element_type=\"widget\" data-widget_type=\"image.default\">\n\t\t\t\t<div class=\"elementor-widget-container\">\n\t\t\t\t\t\t\t\t\t\t\t\t\t\t\t\t<a href=\"https:\/\/apps.apple.com\/mx\/app\/esperanza-m\u00e9xico-radio\/id6472077444\">\n\t\t\t\t\t\t\t<img decoding=\"async\" width=\"217\" height=\"73\" src=\"https:\/\/radio.esperanzamexico.com\/wp-content\/uploads\/2024\/12\/appstore.svg\" class=\"attachment-full size-full wp-image-85\" alt=\"\" \/>\t\t\t\t\t\t\t\t<\/a>\n\t\t\t\t\t\t\t\t\t\t\t\t\t\t\t<\/div>\n\t\t\t\t<\/div>\n\t\t\t\t<div class=\"elementor-element elementor-element-0a64bf2 elementor-widget elementor-widget-image\" data-id=\"0a64bf2\" data-element_type=\"widget\" data-widget_type=\"image.default\">\n\t\t\t\t<div class=\"elementor-widget-container\">\n\t\t\t\t\t\t\t\t\t\t\t\t\t\t\t\t<a href=\"https:\/\/play.google.com\/store\/search?q=esperanza%20mexico&#038;c=apps&#038;hl=es_MX\">\n\t\t\t\t\t\t\t<img decoding=\"async\" width=\"217\" height=\"73\" src=\"https:\/\/radio.esperanzamexico.com\/wp-content\/uploads\/2024\/12\/playstore.svg\" class=\"attachment-full size-full wp-image-86\" alt=\"\" \/>\t\t\t\t\t\t\t\t<\/a>\n\t\t\t\t\t\t\t\t\t\t\t\t\t\t\t<\/div>\n\t\t\t\t<\/div>\n\t\t\t\t<\/div>\n\t\t\t\t<\/div>\n\t\t\t\t<\/div>\n\t\t\t\t<\/div>\n\t\t\t\t\t<\/div>\n\t\t\t\t<\/div>\n\t\t\t\t<\/div>\n\t\t","protected":false},"excerpt":{"rendered":"<p>Es un espacio de apoyo y esperanza para mujeres que enfrentan la p\u00e9rdida de su esposo. A trav\u00e9s de reflexiones, asesor\u00eda legal, consejos emocionales y orientaci\u00f3n financiera, este ministerio de viudas brinda herramientas para sanar y seguir adelante, confiando en el amor y la protecci\u00f3n de Dios. \u00a1Juntas en fe, fortaleza y esperanza! Escucha ahora [&hellip;]<\/p>\n","protected":false},"author":1,"featured_media":0,"parent":0,"menu_order":0,"comment_status":"closed","ping_status":"closed","template":"","meta":{"_acf_changed":false,"footnotes":""},"class_list":["post-530","page","type-page","status-publish","hentry"],"acf":[],"aioseo_notices":[],"_links":{"self":[{"href":"https:\/\/radio.esperanzamexico.com\/index.php\/wp-json\/wp\/v2\/pages\/530","targetHints":{"allow":["GET"]}}],"collection":[{"href":"https:\/\/radio.esperanzamexico.com\/index.php\/wp-json\/wp\/v2\/pages"}],"about":[{"href":"https:\/\/radio.esperanzamexico.com\/index.php\/wp-json\/wp\/v2\/types\/page"}],"author":[{"embeddable":true,"href":"https:\/\/radio.esperanzamexico.com\/index.php\/wp-json\/wp\/v2\/users\/1"}],"replies":[{"embeddable":true,"href":"https:\/\/radio.esperanzamexico.com\/index.php\/wp-json\/wp\/v2\/comments?post=530"}],"version-history":[{"count":7,"href":"https:\/\/radio.esperanzamexico.com\/index.php\/wp-json\/wp\/v2\/pages\/530\/revisions"}],"predecessor-version":[{"id":555,"href":"https:\/\/radio.esperanzamexico.com\/index.php\/wp-json\/wp\/v2\/pages\/530\/revisions\/555"}],"wp:attachment":[{"href":"https:\/\/radio.esperanzamexico.com\/index.php\/wp-json\/wp\/v2\/media?parent=530"}],"curies":[{"name":"wp","href":"https:\/\/api.w.org\/{rel}","templated":true}]}}