{"id":538,"date":"2025-07-09T19:21:42","date_gmt":"2025-07-09T19:21:42","guid":{"rendered":"https:\/\/radio.esperanzamexico.com\/?page_id=538"},"modified":"2025-07-09T19:29:20","modified_gmt":"2025-07-09T19:29:20","slug":"te-comparto-un-libro","status":"publish","type":"page","link":"https:\/\/radio.esperanzamexico.com\/index.php\/te-comparto-un-libro\/","title":{"rendered":"Te Comparto un Libro"},"content":{"rendered":"\t\t<div data-elementor-type=\"wp-page\" data-elementor-id=\"538\" class=\"elementor elementor-538\" data-elementor-post-type=\"page\">\n\t\t\t\t<div class=\"elementor-element elementor-element-120b6e4 e-flex e-con-boxed e-con e-parent\" data-id=\"120b6e4\" data-element_type=\"container\">\n\t\t\t\t\t<div class=\"e-con-inner\">\n\t\t<div class=\"elementor-element elementor-element-4c3ce1f e-con-full e-flex e-con e-child\" data-id=\"4c3ce1f\" data-element_type=\"container\">\n\t\t<div class=\"elementor-element elementor-element-1db065c e-con-full e-flex e-con e-child\" data-id=\"1db065c\" data-element_type=\"container\" data-settings=\"{&quot;background_background&quot;:&quot;classic&quot;}\">\n\t\t<div class=\"elementor-element elementor-element-dc39ecc e-con-full e-grid e-con e-child\" data-id=\"dc39ecc\" data-element_type=\"container\">\n\t\t<div class=\"elementor-element elementor-element-8032ea6 e-con-full e-flex e-con e-child\" data-id=\"8032ea6\" data-element_type=\"container\">\n\t\t\t\t<div class=\"elementor-element elementor-element-d9dce5c elementor-widget__width-initial elementor-widget elementor-widget-image\" data-id=\"d9dce5c\" data-element_type=\"widget\" data-widget_type=\"image.default\">\n\t\t\t\t<div class=\"elementor-widget-container\">\n\t\t\t\t\t\t\t\t\t\t\t\t\t\t\t<img fetchpriority=\"high\" decoding=\"async\" width=\"800\" height=\"345\" src=\"https:\/\/radio.esperanzamexico.com\/wp-content\/uploads\/2025\/07\/TCL-2-1024x442.png\" class=\"attachment-large size-large wp-image-546\" alt=\"\" srcset=\"https:\/\/radio.esperanzamexico.com\/wp-content\/uploads\/2025\/07\/TCL-2-1024x442.png 1024w, https:\/\/radio.esperanzamexico.com\/wp-content\/uploads\/2025\/07\/TCL-2-300x129.png 300w, https:\/\/radio.esperanzamexico.com\/wp-content\/uploads\/2025\/07\/TCL-2-768x331.png 768w, https:\/\/radio.esperanzamexico.com\/wp-content\/uploads\/2025\/07\/TCL-2.png 1382w\" sizes=\"(max-width: 800px) 100vw, 800px\" \/>\t\t\t\t\t\t\t\t\t\t\t\t\t\t\t<\/div>\n\t\t\t\t<\/div>\n\t\t\t\t<div class=\"elementor-element elementor-element-5e7e678 elementor-widget-widescreen__width-initial elementor-widget elementor-widget-text-editor\" data-id=\"5e7e678\" data-element_type=\"widget\" data-widget_type=\"text-editor.default\">\n\t\t\t\t<div class=\"elementor-widget-container\">\n\t\t\t\t\t\t\t\t\t<p><b>Te Comparto un Libro <\/b><span style=\"font-weight: 400;\">es un espacio dise\u00f1ado para explorar y analizar libros de diversos temas, como \u00e9xito, felicidad, desarrollo personal, espiritualidad, historia y m\u00e1s. A trav\u00e9s de cada episodio, buscamos inspirarte, motivarte y ofrecerte valiosas lecciones.<\/span><\/p>\t\t\t\t\t\t\t\t<\/div>\n\t\t\t\t<\/div>\n\t\t\t\t<\/div>\n\t\t\t\t<div class=\"elementor-element elementor-element-f725275 elementor-widget__width-initial elementor-widget elementor-widget-image\" data-id=\"f725275\" data-element_type=\"widget\" data-widget_type=\"image.default\">\n\t\t\t\t<div class=\"elementor-widget-container\">\n\t\t\t\t\t\t\t\t\t\t\t\t\t\t\t<img decoding=\"async\" width=\"640\" height=\"640\" src=\"https:\/\/radio.esperanzamexico.com\/wp-content\/uploads\/2025\/07\/Copia-de-SPOTIFY-EXPERTO-2.png\" class=\"attachment-large size-large wp-image-542\" alt=\"\" srcset=\"https:\/\/radio.esperanzamexico.com\/wp-content\/uploads\/2025\/07\/Copia-de-SPOTIFY-EXPERTO-2.png 640w, https:\/\/radio.esperanzamexico.com\/wp-content\/uploads\/2025\/07\/Copia-de-SPOTIFY-EXPERTO-2-300x300.png 300w, https:\/\/radio.esperanzamexico.com\/wp-content\/uploads\/2025\/07\/Copia-de-SPOTIFY-EXPERTO-2-150x150.png 150w\" sizes=\"(max-width: 640px) 100vw, 640px\" \/>\t\t\t\t\t\t\t\t\t\t\t\t\t\t\t<\/div>\n\t\t\t\t<\/div>\n\t\t\t\t<\/div>\n\t\t<div class=\"elementor-element elementor-element-f813aba e-con-full epic-inline-shelf__radial-gradient elementor-hidden-widescreen elementor-hidden-desktop elementor-hidden-laptop elementor-hidden-tablet elementor-hidden-mobile e-flex e-con e-child\" data-id=\"f813aba\" data-element_type=\"container\" data-settings=\"{&quot;position&quot;:&quot;absolute&quot;}\">\n\t\t\t\t<\/div>\n\t\t\t\t<\/div>\n\t\t<div class=\"elementor-element elementor-element-2ab8dfe e-con-full e-flex e-con e-child\" data-id=\"2ab8dfe\" data-element_type=\"container\">\n\t\t\t\t<div class=\"elementor-element elementor-element-9d76bf4 elementor-widget elementor-widget-html\" data-id=\"9d76bf4\" data-element_type=\"widget\" data-widget_type=\"html.default\">\n\t\t\t\t<div class=\"elementor-widget-container\">\n\t\t\t\t\t<iframe src=\"https:\/\/www.ivoox.com\/player_es_podcast_2591095_zp_1.html?c1=1a263b\" width=\"100%\" height=\"400\" frameborder=\"0\" allowfullscreen=\"\" scrolling=\"no\" loading=\"lazy\"><\/iframe>\t\t\t\t<\/div>\n\t\t\t\t<\/div>\n\t\t\t\t<\/div>\n\t\t<div class=\"elementor-element elementor-element-aae2fae e-con-full e-flex e-con e-child\" data-id=\"aae2fae\" data-element_type=\"container\" data-settings=\"{&quot;background_background&quot;:&quot;classic&quot;}\">\n\t\t<div class=\"elementor-element elementor-element-6f3b383 e-con-full e-flex e-con e-child\" data-id=\"6f3b383\" data-element_type=\"container\">\n\t\t\t\t<div class=\"elementor-element elementor-element-ea186a4 elementor-widget elementor-widget-heading\" data-id=\"ea186a4\" data-element_type=\"widget\" data-widget_type=\"heading.default\">\n\t\t\t\t<div class=\"elementor-widget-container\">\n\t\t\t\t\t<h1 class=\"elementor-heading-title elementor-size-default\">Escucha ahora y transforma tu vida<\/h1>\t\t\t\t<\/div>\n\t\t\t\t<\/div>\n\t\t\t\t<div class=\"elementor-element elementor-element-351f579 elementor-widget elementor-widget-text-editor\" data-id=\"351f579\" data-element_type=\"widget\" data-widget_type=\"text-editor.default\">\n\t\t\t\t<div class=\"elementor-widget-container\">\n\t\t\t\t\t\t\t\t\t<p>Tranquilidad y ayuda en tu d\u00eda a d\u00eda, descarga nuestra app.<\/p>\t\t\t\t\t\t\t\t<\/div>\n\t\t\t\t<\/div>\n\t\t<div class=\"elementor-element elementor-element-6e8b4bb e-grid e-con-full e-con e-child\" data-id=\"6e8b4bb\" data-element_type=\"container\">\n\t\t\t\t<div class=\"elementor-element elementor-element-95fc025 elementor-widget elementor-widget-image\" data-id=\"95fc025\" data-element_type=\"widget\" data-widget_type=\"image.default\">\n\t\t\t\t<div class=\"elementor-widget-container\">\n\t\t\t\t\t\t\t\t\t\t\t\t\t\t\t\t<a href=\"https:\/\/apps.apple.com\/mx\/app\/esperanza-m\u00e9xico-radio\/id6472077444\">\n\t\t\t\t\t\t\t<img decoding=\"async\" width=\"217\" height=\"73\" src=\"https:\/\/radio.esperanzamexico.com\/wp-content\/uploads\/2024\/12\/appstore.svg\" class=\"attachment-full size-full wp-image-85\" alt=\"\" \/>\t\t\t\t\t\t\t\t<\/a>\n\t\t\t\t\t\t\t\t\t\t\t\t\t\t\t<\/div>\n\t\t\t\t<\/div>\n\t\t\t\t<div class=\"elementor-element elementor-element-49580e8 elementor-widget elementor-widget-image\" data-id=\"49580e8\" data-element_type=\"widget\" data-widget_type=\"image.default\">\n\t\t\t\t<div class=\"elementor-widget-container\">\n\t\t\t\t\t\t\t\t\t\t\t\t\t\t\t\t<a href=\"https:\/\/play.google.com\/store\/search?q=esperanza%20mexico&#038;c=apps&#038;hl=es_MX\">\n\t\t\t\t\t\t\t<img loading=\"lazy\" decoding=\"async\" width=\"217\" height=\"73\" src=\"https:\/\/radio.esperanzamexico.com\/wp-content\/uploads\/2024\/12\/playstore.svg\" class=\"attachment-full size-full wp-image-86\" alt=\"\" \/>\t\t\t\t\t\t\t\t<\/a>\n\t\t\t\t\t\t\t\t\t\t\t\t\t\t\t<\/div>\n\t\t\t\t<\/div>\n\t\t\t\t<\/div>\n\t\t\t\t<\/div>\n\t\t\t\t<\/div>\n\t\t\t\t<\/div>\n\t\t\t\t\t<\/div>\n\t\t\t\t<\/div>\n\t\t\t\t<\/div>\n\t\t","protected":false},"excerpt":{"rendered":"<p>Te Comparto un Libro es un espacio dise\u00f1ado para explorar y analizar libros de diversos temas, como \u00e9xito, felicidad, desarrollo personal, espiritualidad, historia y m\u00e1s. A trav\u00e9s de cada episodio, buscamos inspirarte, motivarte y ofrecerte valiosas lecciones. Escucha ahora y transforma tu vida Tranquilidad y ayuda en tu d\u00eda a d\u00eda, descarga nuestra app.<\/p>\n","protected":false},"author":1,"featured_media":0,"parent":0,"menu_order":0,"comment_status":"closed","ping_status":"closed","template":"","meta":{"_acf_changed":false,"footnotes":""},"class_list":["post-538","page","type-page","status-publish","hentry"],"acf":[],"aioseo_notices":[],"_links":{"self":[{"href":"https:\/\/radio.esperanzamexico.com\/index.php\/wp-json\/wp\/v2\/pages\/538","targetHints":{"allow":["GET"]}}],"collection":[{"href":"https:\/\/radio.esperanzamexico.com\/index.php\/wp-json\/wp\/v2\/pages"}],"about":[{"href":"https:\/\/radio.esperanzamexico.com\/index.php\/wp-json\/wp\/v2\/types\/page"}],"author":[{"embeddable":true,"href":"https:\/\/radio.esperanzamexico.com\/index.php\/wp-json\/wp\/v2\/users\/1"}],"replies":[{"embeddable":true,"href":"https:\/\/radio.esperanzamexico.com\/index.php\/wp-json\/wp\/v2\/comments?post=538"}],"version-history":[{"count":6,"href":"https:\/\/radio.esperanzamexico.com\/index.php\/wp-json\/wp\/v2\/pages\/538\/revisions"}],"predecessor-version":[{"id":552,"href":"https:\/\/radio.esperanzamexico.com\/index.php\/wp-json\/wp\/v2\/pages\/538\/revisions\/552"}],"wp:attachment":[{"href":"https:\/\/radio.esperanzamexico.com\/index.php\/wp-json\/wp\/v2\/media?parent=538"}],"curies":[{"name":"wp","href":"https:\/\/api.w.org\/{rel}","templated":true}]}}